{"id":889,"date":"2019-06-28T20:25:48","date_gmt":"2019-06-28T18:25:48","guid":{"rendered":"http:\/\/kluczbork112.cal24.pl\/?page_id=889"},"modified":"2019-07-28T12:42:28","modified_gmt":"2019-07-28T10:42:28","slug":"o-kluczbork-112","status":"publish","type":"page","link":"https:\/\/kluczbork112.pl\/?page_id=889","title":{"rendered":"O Kluczbork 112"},"content":{"rendered":"<p><img loading=\"lazy\" decoding=\"async\" class=\"alignnone size-full wp-image-1658\" src=\"http:\/\/kluczbork112.cal24.pl\/wp-content\/uploads\/2019\/07\/20190726_165806.jpg\" alt=\"\" width=\"1024\" height=\"682\" \/><\/p>\n<p>Strona na Facebooku <strong>Kluczbork 112<\/strong> powsta\u0142a 11 pa\u017adziernika 2018. Od samego pocz\u0105tku naszym celem by\u0142o rzetelne informowanie o dzia\u0142aniach s\u0142u\u017cb ratunkowych na terenie Powiatu Kluczborskiego.<\/p>\n<p>W zwi\u0105zku z szybkim rozwojem naszego FP na facebooku postanowili\u015bmy stworzy\u0107 stron\u0119, na kt\u00f3rej b\u0119dziemy umieszcza\u0107 informacje o zdarzeniach w naszym powiecie.<\/p>\n<p>Na \u0142amach naszego portalu znajdziecie Pa\u0144stwo wiadomo\u015bci zwi\u0105zane z Policj\u0105, Stra\u017c\u0105 Po\u017carn\u0105 czy te\u017c Ratownictwem Medycznym.<\/p>\n<p>Zapraszamy tak\u017ce Pa\u0144stwa do wsp\u00f3\u0142pracy z naszym portalem poprzez wysy\u0142anie zdj\u0119\u0107 lub wiadomo\u015bci poprzez messengera, kt\u00f3ry znajduje si\u0119 na dole naszej strony.<\/p>\n<p><strong>Strona Kluczbork 112 nie jest oficjaln\u0105 stron\u0105 reprezentuj\u0105c\u0105 s\u0142u\u017cby w powiecie.<\/strong><\/p>\n<p>&nbsp;<\/p>\n ","protected":false},"excerpt":{"rendered":"<p>Strona na Facebooku Kluczbork 112 powsta\u0142a 11 pa\u017adziernika 2018. Od samego pocz\u0105tku naszym celem by\u0142o rzetelne informowanie o dzia\u0142aniach s\u0142u\u017cb ratunkowych na terenie Powiatu Kluczborskiego. W zwi\u0105zku z szybkim rozwojem naszego FP na facebooku postanowili\u015bmy stworzy\u0107 stron\u0119, na kt\u00f3rej b\u0119dziemy&#8230;<\/p>\n","protected":false},"author":1,"featured_media":0,"parent":0,"menu_order":0,"comment_status":"closed","ping_status":"closed","template":"","meta":{"om_disable_all_campaigns":false,"_themeisle_gutenberg_block_has_review":false,"spay_email":"","footnotes":""},"jetpack_sharing_enabled":true,"jetpack_likes_enabled":true,"_links":{"self":[{"href":"https:\/\/kluczbork112.pl\/index.php?rest_route=\/wp\/v2\/pages\/889"}],"collection":[{"href":"https:\/\/kluczbork112.pl\/index.php?rest_route=\/wp\/v2\/pages"}],"about":[{"href":"https:\/\/kluczbork112.pl\/index.php?rest_route=\/wp\/v2\/types\/page"}],"author":[{"embeddable":true,"href":"https:\/\/kluczbork112.pl\/index.php?rest_route=\/wp\/v2\/users\/1"}],"replies":[{"embeddable":true,"href":"https:\/\/kluczbork112.pl\/index.php?rest_route=%2Fwp%2Fv2%2Fcomments&post=889"}],"version-history":[{"count":7,"href":"https:\/\/kluczbork112.pl\/index.php?rest_route=\/wp\/v2\/pages\/889\/revisions"}],"predecessor-version":[{"id":891,"href":"https:\/\/kluczbork112.pl\/index.php?rest_route=\/wp\/v2\/pages\/889\/revisions\/891"}],"wp:attachment":[{"href":"https:\/\/kluczbork112.pl\/index.php?rest_route=%2Fwp%2Fv2%2Fmedia&parent=889"}],"curies":[{"name":"wp","href":"https:\/\/api.w.org\/{rel}","templated":true}]}}